{"id":19313,"date":"2025-07-10T11:23:22","date_gmt":"2025-07-10T09:23:22","guid":{"rendered":"https:\/\/palaisroyal-zsmu.tempurl.host\/it\/?page_id=19313"},"modified":"2025-09-23T15:26:54","modified_gmt":"2025-09-23T13:26:54","slug":"certificazione-e-legalizzazione","status":"publish","type":"page","link":"https:\/\/palaisroyal.notaires.fr\/it\/competenze\/certificazione-e-legalizzazione\/","title":{"rendered":"CERTIFICAZIONE E LEGALIZZAZIONE"},"content":{"rendered":"\t\t<div data-elementor-type=\"wp-page\" data-elementor-id=\"19313\" class=\"elementor elementor-19313\" data-elementor-post-type=\"page\">\n\t\t\t\t<div data-particle_enable=\"false\" data-particle-mobile-disabled=\"false\" class=\"elementor-element elementor-element-bd11c8d e-flex e-con-boxed e-con e-parent\" data-id=\"bd11c8d\" data-element_type=\"container\" data-e-type=\"container\" data-settings=\"{&quot;background_background&quot;:&quot;classic&quot;}\">\n\t\t\t\t\t<div class=\"e-con-inner\">\n\t\t\t\t\t<\/div>\n\t\t\t\t<\/div>\n\t\t<div data-particle_enable=\"false\" data-particle-mobile-disabled=\"false\" class=\"elementor-element elementor-element-6a19a78 e-flex e-con-boxed e-con e-parent\" data-id=\"6a19a78\" data-element_type=\"container\" data-e-type=\"container\">\n\t\t\t\t\t<div class=\"e-con-inner\">\n\t\t<div data-particle_enable=\"false\" data-particle-mobile-disabled=\"false\" class=\"elementor-element elementor-element-01bc047 e-con-full e-flex e-con e-child\" data-id=\"01bc047\" data-element_type=\"container\" data-e-type=\"container\">\n\t\t\t\t<div class=\"elementor-element elementor-element-13c1c6a dt-sub-menu_align-left elementor-widget elementor-widget-the7_nav-menu\" data-id=\"13c1c6a\" data-element_type=\"widget\" data-e-type=\"widget\" data-settings=\"{&quot;submenu_display&quot;:&quot;always&quot;}\" data-widget_type=\"the7_nav-menu.default\">\n\t\t\t\t<div class=\"elementor-widget-container\">\n\t\t\t\t\t<nav class=\"dt-nav-menu--main dt-nav-menu__container dt-sub-menu-display-always dt-icon-align- dt-icon-position- dt-sub-icon-position- dt-sub-icon-align-\"><ul class=\"dt-nav-menu\"><li class=\"menu-item menu-item-type-post_type menu-item-object-page menu-item-19323 first depth-0\"><a href='https:\/\/palaisroyal.notaires.fr\/it\/competenze\/diritto-immobiliare\/' data-level='1'><span class=\"item-content\"><span class=\"menu-item-text\"><span class=\"menu-text\">DIRITTO IMMOBILIARE<\/span><\/span><\/span><span class=\"\" data-icon = \"\"> <\/span><\/a><\/li> <li class=\"menu-item menu-item-type-post_type menu-item-object-page menu-item-19322 depth-0\"><a href='https:\/\/palaisroyal.notaires.fr\/it\/competenze\/imprese-e-dirigenti\/' data-level='1'><span class=\"item-content\"><span class=\"menu-item-text\"><span class=\"menu-text\">IMPRESE E DIRIGENTI<\/span><\/span><\/span><span class=\"\" data-icon = \"\"> <\/span><\/a><\/li> <li class=\"menu-item menu-item-type-post_type menu-item-object-page menu-item-19321 depth-0\"><a href='https:\/\/palaisroyal.notaires.fr\/it\/competenze\/diritto-di-famiglia\/' data-level='1'><span class=\"item-content\"><span class=\"menu-item-text\"><span class=\"menu-text\">DIRITTO DI FAMIGLIA<\/span><\/span><\/span><span class=\"\" data-icon = \"\"> <\/span><\/a><\/li> <li class=\"menu-item menu-item-type-post_type menu-item-object-page menu-item-19320 depth-0\"><a href='https:\/\/palaisroyal.notaires.fr\/it\/competenze\/diritto-internazionale\/' data-level='1'><span class=\"item-content\"><span class=\"menu-item-text\"><span class=\"menu-text\">DIRITTO INTERNAZIONALE<\/span><\/span><\/span><span class=\"\" data-icon = \"\"> <\/span><\/a><\/li> <li class=\"menu-item menu-item-type-post_type menu-item-object-page menu-item-19319 depth-0\"><a href='https:\/\/palaisroyal.notaires.fr\/it\/competenze\/certificazione-e-legalizzazione\/' data-level='1'><span class=\"item-content\"><span class=\"menu-item-text\"><span class=\"menu-text\">CERTIFICAZIONE E LEGALIZZAZIONE<\/span><\/span><\/span><span class=\"\" data-icon = \"\"> <\/span><\/a><\/li> <li class=\"menu-item menu-item-type-post_type menu-item-object-page menu-item-19690 last depth-0\"><a href='https:\/\/palaisroyal.notaires.fr\/it\/competenze\/negoziazione\/' data-level='1'><span class=\"item-content\"><span class=\"menu-item-text\"><span class=\"menu-text\">Negoziazione<\/span><\/span><\/span><span class=\"\" data-icon = \"\"> <\/span><\/a><\/li> <\/ul><\/nav>\t\t\t\t<\/div>\n\t\t\t\t<\/div>\n\t\t\t\t<\/div>\n\t\t<div data-particle_enable=\"false\" data-particle-mobile-disabled=\"false\" class=\"elementor-element elementor-element-27fbcbc e-con-full e-flex e-con e-child\" data-id=\"27fbcbc\" data-element_type=\"container\" data-e-type=\"container\">\n\t\t\t\t<div class=\"elementor-element elementor-element-7dc91f2 content-align-left the7-hover-visibility-disabled transform-overlay-yes exceeding-frame-yes elementor-widget elementor-widget-the7-image-widget\" data-id=\"7dc91f2\" data-element_type=\"widget\" data-e-type=\"widget\" data-settings=\"{&quot;hover_visibility&quot;:&quot;disabled&quot;}\" data-widget_type=\"the7-image-widget.default\">\n\t\t\t\t<div class=\"elementor-widget-container\">\n\t\t\t\t\t<div class=\"the7-image-container\"><div class=\"the7-image-wrapper the7-elementor-widget the7-transform-container\"><div class=\"post-thumbnail-rollover img-css-resize-wrapper\"><img loading=\"lazy\" decoding=\"async\" width=\"164\" height=\"168\" src=\"https:\/\/palaisroyal.notaires.fr\/it\/wp-content\/uploads\/sites\/3\/2025\/07\/picto5.png\" class=\"attachment-full size-full preload-me aspect\" alt=\"\" style=\"--ratio: 164 \/ 168;\" \/><\/div><\/div><\/div>\t\t\t\t<\/div>\n\t\t\t\t<\/div>\n\t\t\t\t<div class=\"elementor-element elementor-element-250aaed elementor-widget-divider--view-line elementor-widget elementor-widget-divider\" data-id=\"250aaed\" data-element_type=\"widget\" data-e-type=\"widget\" data-widget_type=\"divider.default\">\n\t\t\t\t<div class=\"elementor-widget-container\">\n\t\t\t\t\t\t\t<div class=\"elementor-divider\">\n\t\t\t<span class=\"elementor-divider-separator\">\n\t\t\t\t\t\t<\/span>\n\t\t<\/div>\n\t\t\t\t\t\t<\/div>\n\t\t\t\t<\/div>\n\t\t\t\t<div class=\"elementor-element elementor-element-6e3cbf4 elementor-widget elementor-widget-heading\" data-id=\"6e3cbf4\" data-element_type=\"widget\" data-e-type=\"widget\" data-widget_type=\"heading.default\">\n\t\t\t\t<div class=\"elementor-widget-container\">\n\t\t\t\t\t<h1 class=\"elementor-heading-title elementor-size-default\">CERTIFICAZIONE E LEGALIZZAZIONE<\/h1>\t\t\t\t<\/div>\n\t\t\t\t<\/div>\n\t\t\t\t<div class=\"elementor-element elementor-element-f9dbd61 elementor-widget elementor-widget-text-editor\" data-id=\"f9dbd61\" data-element_type=\"widget\" data-e-type=\"widget\" data-widget_type=\"text-editor.default\">\n\t\t\t\t<div class=\"elementor-widget-container\">\n\t\t\t\t\t\t\t\t\t<p><span style=\"color: #bca184;\">PALAIS-ROYAL NOTAIRES OFFRE UN SERVIZIO DI CERTIFICAZIONE, APOSTILLE E LEGALIZZAZIONE DELLE FIRME A CLIENTI PRIVATI E PROFESSIONISTI.<\/span><\/p><p><span style=\"color: #bca184;\">PALAIS-ROYAL NOTAIRES \u00c8 IN GRADO DI FORNIRE QUESTO SERVIZIO IN TEMPI PARTICOLARMENTE BREVI.<\/span><\/p><h4>\u00a0<\/h4><h4><span style=\"color: #bca184;\">CERTIFICAZIONE DELLA FIRMA<\/span><\/h4><p>La certificazione della firma \u00e8 la formalit\u00e0 con cui il notaio garantisce il riconoscimento materiale di una persona designata. Il notaio attesta che la firma apposta sul documento \u00e8 effettivamente quella della persona che la rivendica.<\/p><p>La firma deve essere apposta dal firmatario in presenza di un notaio. Il notaio non convalida il contenuto del documento firmato, ma attesta solo l&#8217;identit\u00e0 del firmatario.<\/p><p>La certificazione della firma viene fatturata 80 euro IVA esclusa per firma\/documento.<\/p><p>\u00c8 possibile richiedere una tariffa decrescente per un servizio abituale.<\/p><h4>\u00a0<\/h4><h4><span style=\"color: #bca184;\">COPIA CERTIFICATA CONFORME<\/span><\/h4><p>La certificazione di copia conforme \u00e8 l&#8217;operazione che consiste nel constatare la conformit\u00e0 di una riproduzione di un documento con il documento originale.<\/p><p>La constatazione di conformit\u00e0 della copia viene fatturata 80 euro IVA esclusa per copia\/documento.<\/p><h4>\u00a0<\/h4><h4><span style=\"color: #bca184;\">LEGALIZZAZIONE<\/span><\/h4><p>La legalizzazione \u00e8 l&#8217;attestazione scritta dell&#8217;esattezza della firma apposta su un atto e, se si tratta di un atto pubblico, della qualit\u00e0 di coloro che lo hanno ricevuto o spedito.<\/p><p>La legalizzazione ha lo scopo di attestare l&#8217;autenticit\u00e0 della firma, del sigillo o del timbro su un documento. \u00c8 necessaria per la validit\u00e0 dei documenti certificati in alcuni paesi stranieri.<\/p><p>Palais-Royal Notaires procede alla certificazione della firma e poi esegue le formalit\u00e0 di legalizzazione presso il Ministero degli Affari Esteri del paese da cui proviene l&#8217;atto. Possono essere legalizzati solo gli atti redatti in francese o, in mancanza di questi, accompagnati da una traduzione in francese ricevuta da un traduttore giurato.<\/p><p>Il servizio di legalizzazione della firma viene fatturato 150 euro IVA esclusa per documento, che si aggiunge alle spese di certificazione della firma. A ci\u00f2 si aggiunge una rifatturazione al prezzo di costo delle spese di traduzione, ministero\/ambasciata e corriere.<\/p><h4>\u00a0<\/h4><h4><span style=\"color: #bca184;\">APOSTILLE<\/span><\/h4><p>L&#8217;apostille \u00e8 la certificazione di documenti provenienti da un&#8217;autorit\u00e0 o certificati da un&#8217;autorit\u00e0 francese destinati ad essere prodotti all&#8217;estero, in particolare dai notai.<\/p><p>L&#8217;apostille \u00e8 valida solo per alcuni paesi. Palais-Royal Notaires procede alla certificazione della firma e poi esegue le formalit\u00e0 di apostille presso la Corte d&#8217;Appello di Parigi.<\/p><p>Il servizio di apostille viene fatturato 130 euro IVA esclusa per documento, che si aggiunge alle spese di certificazione della firma. A ci\u00f2 si aggiunge una rifatturazione al prezzo di costo delle spese di corriere.<\/p><h4>\u00a0<\/h4><h4><span style=\"color: #bca184;\">CERTIFICATO DI CAPACIT\u00c0<\/span><\/h4><p>Palais-Royal Notaires pu\u00f2 rilasciare certificati di capacit\u00e0 per qualsiasi societ\u00e0 francese. Il certificato di capacit\u00e0 attesta la capacit\u00e0 giuridica di un dirigente di impegnare la societ\u00e0 di cui \u00e8 il rappresentante legale.<\/p><p>Il certificato di capacit\u00e0 pu\u00f2 essere rilasciato solo a favore di societ\u00e0 francesi, previa analisi dei documenti giustificativi da parte di un notaio dello studio.<\/p><p>Questo servizio viene fatturato a partire da 400 euro IVA esclusa, sulla base di un preventivo, a seconda della complessit\u00e0 del fascicolo.<\/p><p>\u00a0<\/p><p><i>Nota: per le aziende e i professionisti che non possono recarsi presso i nostri uffici, \u00e8 possibile organizzare il trasferimento di un notaio dello studio per espletare le formalit\u00e0 di certificazione. Viene fatturata una tariffa specifica in accordo con il cliente.<\/i><\/p><p>\u00a0<\/p>\t\t\t\t\t\t\t\t<\/div>\n\t\t\t\t<\/div>\n\t\t\t\t<\/div>\n\t\t\t\t\t<\/div>\n\t\t\t\t<\/div>\n\t\t\t\t<\/div>\n\t\t","protected":false},"excerpt":{"rendered":"<p>CERTIFICAZIONE E LEGALIZZAZIONE PALAIS-ROYAL NOTAIRES OFFRE UN SERVIZIO DI CERTIFICAZIONE, APOSTILLE E LEGALIZZAZIONE DELLE FIRME A CLIENTI PRIVATI E PROFESSIONISTI. PALAIS-ROYAL NOTAIRES \u00c8 IN GRADO DI FORNIRE QUESTO SERVIZIO IN TEMPI PARTICOLARMENTE BREVI. \u00a0 CERTIFICAZIONE DELLA FIRMA La certificazione della firma \u00e8 la formalit\u00e0 con cui il notaio garantisce il riconoscimento materiale di una persona&hellip;<\/p>\n","protected":false},"author":1,"featured_media":0,"parent":19252,"menu_order":0,"comment_status":"closed","ping_status":"closed","template":"elementor_header_footer","meta":{"footnotes":""},"class_list":["post-19313","page","type-page","status-publish","hentry"],"_links":{"self":[{"href":"https:\/\/palaisroyal.notaires.fr\/it\/wp-json\/wp\/v2\/pages\/19313","targetHints":{"allow":["GET"]}}],"collection":[{"href":"https:\/\/palaisroyal.notaires.fr\/it\/wp-json\/wp\/v2\/pages"}],"about":[{"href":"https:\/\/palaisroyal.notaires.fr\/it\/wp-json\/wp\/v2\/types\/page"}],"author":[{"embeddable":true,"href":"https:\/\/palaisroyal.notaires.fr\/it\/wp-json\/wp\/v2\/users\/1"}],"replies":[{"embeddable":true,"href":"https:\/\/palaisroyal.notaires.fr\/it\/wp-json\/wp\/v2\/comments?post=19313"}],"version-history":[{"count":5,"href":"https:\/\/palaisroyal.notaires.fr\/it\/wp-json\/wp\/v2\/pages\/19313\/revisions"}],"predecessor-version":[{"id":19643,"href":"https:\/\/palaisroyal.notaires.fr\/it\/wp-json\/wp\/v2\/pages\/19313\/revisions\/19643"}],"up":[{"embeddable":true,"href":"https:\/\/palaisroyal.notaires.fr\/it\/wp-json\/wp\/v2\/pages\/19252"}],"wp:attachment":[{"href":"https:\/\/palaisroyal.notaires.fr\/it\/wp-json\/wp\/v2\/media?parent=19313"}],"curies":[{"name":"wp","href":"https:\/\/api.w.org\/{rel}","templated":true}]}}