{"id":19252,"date":"2025-07-10T10:05:47","date_gmt":"2025-07-10T08:05:47","guid":{"rendered":"https:\/\/palaisroyal-zsmu.tempurl.host\/it\/?page_id=19252"},"modified":"2025-12-18T16:53:47","modified_gmt":"2025-12-18T15:53:47","slug":"competenze","status":"publish","type":"page","link":"https:\/\/palaisroyal.notaires.fr\/it\/competenze\/","title":{"rendered":"Competenze"},"content":{"rendered":"\t\t<div data-elementor-type=\"wp-page\" data-elementor-id=\"19252\" class=\"elementor elementor-19252\" data-elementor-post-type=\"page\">\n\t\t\t\t<div data-particle_enable=\"false\" data-particle-mobile-disabled=\"false\" class=\"elementor-element elementor-element-bd11c8d e-flex e-con-boxed e-con e-parent\" data-id=\"bd11c8d\" data-element_type=\"container\" data-e-type=\"container\" data-settings=\"{&quot;background_background&quot;:&quot;classic&quot;}\">\n\t\t\t\t\t<div class=\"e-con-inner\">\n\t\t\t\t\t<\/div>\n\t\t\t\t<\/div>\n\t\t<div data-particle_enable=\"false\" data-particle-mobile-disabled=\"false\" class=\"elementor-element elementor-element-5c0e691 e-flex e-con-boxed e-con e-parent\" data-id=\"5c0e691\" data-element_type=\"container\" data-e-type=\"container\">\n\t\t\t\t\t<div class=\"e-con-inner\">\n\t\t\t\t<div class=\"elementor-element elementor-element-ce0d432 elementor-widget elementor-widget-heading\" data-id=\"ce0d432\" data-element_type=\"widget\" data-e-type=\"widget\" data-widget_type=\"heading.default\">\n\t\t\t\t<div class=\"elementor-widget-container\">\n\t\t\t\t\t<h1 class=\"elementor-heading-title elementor-size-default\">Competenze<\/h1>\t\t\t\t<\/div>\n\t\t\t\t<\/div>\n\t\t\t\t<div class=\"elementor-element elementor-element-72ab4f4 elementor-widget elementor-widget-text-editor\" data-id=\"72ab4f4\" data-element_type=\"widget\" data-e-type=\"widget\" data-widget_type=\"text-editor.default\">\n\t\t\t\t<div class=\"elementor-widget-container\">\n\t\t\t\t\t\t\t\t\t<p><strong>Il nostro team \u00e8 strutturato in modo da coprire in modo ottimale un ampio campo di attivit\u00e0.<\/strong><br \/><strong>I team di Palais-Royal Notaires sono organizzati in centri di competenza sotto la supervisione di uno o pi\u00f9 notai.<\/strong><\/p><p>I nostri team lavorano inoltre in sinergia con esperti riconosciuti (avvocati, banchieri, family office, commercialisti) al fine di elaborare le soluzioni pi\u00f9 adatte alle esigenze dei nostri clienti.<\/p>\t\t\t\t\t\t\t\t<\/div>\n\t\t\t\t<\/div>\n\t\t\t\t<div class=\"elementor-element elementor-element-b386bed content-align-center icon-box-vertical-align-center icon-vertical-align-center elementor-widget elementor-widget-the7_image_box_grid_widget\" data-id=\"b386bed\" data-element_type=\"widget\" data-e-type=\"widget\" data-widget_type=\"the7_image_box_grid_widget.default\">\n\t\t\t\t<div class=\"elementor-widget-container\">\n\t\t\t\t\t<div class=\"the7-box-grid-wrapper the7-elementor-widget loading-effect-none the7_image_box_grid_widget-b386bed\">\t\t\t<div class=\"dt-css-grid\">\n\t\t\t\t\t\t\t\t\t<div class=\"wf-cell shown\">\n\t\t\t\t\t\t<a class=\"the7-image-box-wrapper the7-box-wrapper the7-elementor-widget box-hover\" href=\"https:\/\/palaisroyal.notaires.fr\/it\/competenze\/diritto-immobiliare\/\">\t\t\t\t\t\t\t<div class=\"box-content-wrapper\">\n\n\t\t\t\t\t\t\t\t\t\t\t\t\t\t\t\t\t<div class=\"elementor-image-div \">\n\t\t\t\t\t\t\t\t\t\t<div class=\"post-thumbnail-rollover layzr-bg img-css-resize-wrapper\"><img decoding=\"async\" width=\"160\" height=\"156\" src=\"data:image\/svg+xml,%3Csvg%20xmlns%3D&#039;http%3A%2F%2Fwww.w3.org%2F2000%2Fsvg&#039;%20viewBox%3D&#039;0%200%20160%20156&#039;%2F%3E\" class=\"attachment-full size-full preload-me aspect lazy lazy-load\" alt=\"\" style=\"--ratio: 160 \/ 156;\" data-src=\"https:\/\/palaisroyal.notaires.fr\/it\/wp-content\/uploads\/sites\/3\/2025\/07\/picto1.png\" loading=\"eager\" \/><\/div>\t\t\t\t\t\t\t\t\t<\/div>\n\t\t\t\t\t\t\t\t\t\t\t\t\t\t\t\t<div class=\"box-content\">\n\t\t\t\t\t\t\t\t\t<h4 class=\"box-heading\">DIRITTO IMMOBILIARE<\/h4>\t\t\t\t\t\t\t\t<\/div>\n\t\t\t\t\t\t\t<\/div>\n\t\t\t\t\t\t<\/a>\t\t\t\t\t<\/div>\n\t\t\t\t\t\t\t\t\t\t<div class=\"wf-cell shown\">\n\t\t\t\t\t\t<a class=\"the7-image-box-wrapper the7-box-wrapper the7-elementor-widget box-hover\" href=\"https:\/\/palaisroyal.notaires.fr\/it\/competenze\/imprese-e-dirigenti\/\">\t\t\t\t\t\t\t<div class=\"box-content-wrapper\">\n\n\t\t\t\t\t\t\t\t\t\t\t\t\t\t\t\t\t<div class=\"elementor-image-div \">\n\t\t\t\t\t\t\t\t\t\t<div class=\"post-thumbnail-rollover layzr-bg img-css-resize-wrapper\"><img decoding=\"async\" width=\"160\" height=\"162\" src=\"data:image\/svg+xml,%3Csvg%20xmlns%3D&#039;http%3A%2F%2Fwww.w3.org%2F2000%2Fsvg&#039;%20viewBox%3D&#039;0%200%20160%20162&#039;%2F%3E\" class=\"attachment-full size-full preload-me aspect lazy lazy-load\" alt=\"\" style=\"--ratio: 160 \/ 162;\" data-src=\"https:\/\/palaisroyal.notaires.fr\/it\/wp-content\/uploads\/sites\/3\/2025\/07\/picto2.png\" loading=\"eager\" \/><\/div>\t\t\t\t\t\t\t\t\t<\/div>\n\t\t\t\t\t\t\t\t\t\t\t\t\t\t\t\t<div class=\"box-content\">\n\t\t\t\t\t\t\t\t\t<h4 class=\"box-heading\">IMPRESE E DIRIGENTI<\/h4>\t\t\t\t\t\t\t\t<\/div>\n\t\t\t\t\t\t\t<\/div>\n\t\t\t\t\t\t<\/a>\t\t\t\t\t<\/div>\n\t\t\t\t\t\t\t\t\t\t<div class=\"wf-cell shown\">\n\t\t\t\t\t\t<a class=\"the7-image-box-wrapper the7-box-wrapper the7-elementor-widget box-hover\" href=\"https:\/\/palaisroyal.notaires.fr\/it\/competenze\/diritto-di-famiglia\/\">\t\t\t\t\t\t\t<div class=\"box-content-wrapper\">\n\n\t\t\t\t\t\t\t\t\t\t\t\t\t\t\t\t\t<div class=\"elementor-image-div \">\n\t\t\t\t\t\t\t\t\t\t<div class=\"post-thumbnail-rollover layzr-bg img-css-resize-wrapper\"><img decoding=\"async\" width=\"160\" height=\"156\" src=\"data:image\/svg+xml,%3Csvg%20xmlns%3D&#039;http%3A%2F%2Fwww.w3.org%2F2000%2Fsvg&#039;%20viewBox%3D&#039;0%200%20160%20156&#039;%2F%3E\" class=\"attachment-full size-full preload-me aspect lazy lazy-load\" alt=\"\" style=\"--ratio: 160 \/ 156;\" data-src=\"https:\/\/palaisroyal.notaires.fr\/it\/wp-content\/uploads\/sites\/3\/2025\/07\/picto3.png\" loading=\"eager\" \/><\/div>\t\t\t\t\t\t\t\t\t<\/div>\n\t\t\t\t\t\t\t\t\t\t\t\t\t\t\t\t<div class=\"box-content\">\n\t\t\t\t\t\t\t\t\t<h4 class=\"box-heading\">DIRITTO DI FAMIGLIA<\/h4>\t\t\t\t\t\t\t\t<\/div>\n\t\t\t\t\t\t\t<\/div>\n\t\t\t\t\t\t<\/a>\t\t\t\t\t<\/div>\n\t\t\t\t\t\t\t\t\t\t<div class=\"wf-cell shown\">\n\t\t\t\t\t\t<a class=\"the7-image-box-wrapper the7-box-wrapper the7-elementor-widget box-hover\" href=\"https:\/\/palaisroyal.notaires.fr\/it\/competenze\/diritto-internazionale\/\">\t\t\t\t\t\t\t<div class=\"box-content-wrapper\">\n\n\t\t\t\t\t\t\t\t\t\t\t\t\t\t\t\t\t<div class=\"elementor-image-div \">\n\t\t\t\t\t\t\t\t\t\t<div class=\"post-thumbnail-rollover layzr-bg img-css-resize-wrapper\"><img decoding=\"async\" width=\"160\" height=\"170\" src=\"data:image\/svg+xml,%3Csvg%20xmlns%3D&#039;http%3A%2F%2Fwww.w3.org%2F2000%2Fsvg&#039;%20viewBox%3D&#039;0%200%20160%20170&#039;%2F%3E\" class=\"attachment-full size-full preload-me aspect lazy lazy-load\" alt=\"\" style=\"--ratio: 160 \/ 170;\" data-src=\"https:\/\/palaisroyal.notaires.fr\/it\/wp-content\/uploads\/sites\/3\/2025\/07\/picto4.png\" loading=\"eager\" \/><\/div>\t\t\t\t\t\t\t\t\t<\/div>\n\t\t\t\t\t\t\t\t\t\t\t\t\t\t\t\t<div class=\"box-content\">\n\t\t\t\t\t\t\t\t\t<h4 class=\"box-heading\">DIRITTO INTERNAZIONALE<\/h4>\t\t\t\t\t\t\t\t<\/div>\n\t\t\t\t\t\t\t<\/div>\n\t\t\t\t\t\t<\/a>\t\t\t\t\t<\/div>\n\t\t\t\t\t\t\t\t\t\t<div class=\"wf-cell shown\">\n\t\t\t\t\t\t<a class=\"the7-image-box-wrapper the7-box-wrapper the7-elementor-widget box-hover\" href=\"https:\/\/palaisroyal.notaires.fr\/it\/competenze\/certificazione-e-legalizzazione\/\">\t\t\t\t\t\t\t<div class=\"box-content-wrapper\">\n\n\t\t\t\t\t\t\t\t\t\t\t\t\t\t\t\t\t<div class=\"elementor-image-div \">\n\t\t\t\t\t\t\t\t\t\t<div class=\"post-thumbnail-rollover layzr-bg img-css-resize-wrapper\"><img decoding=\"async\" width=\"164\" height=\"168\" src=\"data:image\/svg+xml,%3Csvg%20xmlns%3D&#039;http%3A%2F%2Fwww.w3.org%2F2000%2Fsvg&#039;%20viewBox%3D&#039;0%200%20164%20168&#039;%2F%3E\" class=\"attachment-full size-full preload-me aspect lazy lazy-load\" alt=\"\" style=\"--ratio: 164 \/ 168;\" data-src=\"https:\/\/palaisroyal.notaires.fr\/it\/wp-content\/uploads\/sites\/3\/2025\/07\/picto5.png\" loading=\"eager\" \/><\/div>\t\t\t\t\t\t\t\t\t<\/div>\n\t\t\t\t\t\t\t\t\t\t\t\t\t\t\t\t<div class=\"box-content\">\n\t\t\t\t\t\t\t\t\t<h4 class=\"box-heading\">CERTIFICAZIONE E LEGALIZZAZIONE<\/h4>\t\t\t\t\t\t\t\t<\/div>\n\t\t\t\t\t\t\t<\/div>\n\t\t\t\t\t\t<\/a>\t\t\t\t\t<\/div>\n\t\t\t\t\t\t\t\t\t\t<div class=\"wf-cell shown\">\n\t\t\t\t\t\t<a class=\"the7-image-box-wrapper the7-box-wrapper the7-elementor-widget box-hover\" href=\"https:\/\/palaisroyal.notaires.fr\/it\/competenze\/negoziazione\/\">\t\t\t\t\t\t\t<div class=\"box-content-wrapper\">\n\n\t\t\t\t\t\t\t\t\t\t\t\t\t\t\t\t\t<div class=\"elementor-image-div \">\n\t\t\t\t\t\t\t\t\t\t<div class=\"post-thumbnail-rollover layzr-bg img-css-resize-wrapper\"><img decoding=\"async\" width=\"160\" height=\"170\" src=\"data:image\/svg+xml,%3Csvg%20xmlns%3D&#039;http%3A%2F%2Fwww.w3.org%2F2000%2Fsvg&#039;%20viewBox%3D&#039;0%200%20160%20170&#039;%2F%3E\" class=\"attachment-full size-full preload-me aspect lazy lazy-load\" alt=\"\" style=\"--ratio: 160 \/ 170;\" data-src=\"https:\/\/palaisroyal.notaires.fr\/it\/wp-content\/uploads\/sites\/3\/2025\/07\/picto6.png\" loading=\"eager\" \/><\/div>\t\t\t\t\t\t\t\t\t<\/div>\n\t\t\t\t\t\t\t\t\t\t\t\t\t\t\t\t<div class=\"box-content\">\n\t\t\t\t\t\t\t\t\t<h4 class=\"box-heading\">NEGOZIAZIONE<\/h4>\t\t\t\t\t\t\t\t<\/div>\n\t\t\t\t\t\t\t<\/div>\n\t\t\t\t\t\t<\/a>\t\t\t\t\t<\/div>\n\t\t\t\t\t\t\t\t<\/div>\n\t\t\t<\/div>\t\t\t\t<\/div>\n\t\t\t\t<\/div>\n\t\t\t\t\t<\/div>\n\t\t\t\t<\/div>\n\t\t\t\t<\/div>\n\t\t","protected":false},"excerpt":{"rendered":"<p>Competenze Il nostro team \u00e8 strutturato in modo da coprire in modo ottimale un ampio campo di attivit\u00e0.I team di Palais-Royal Notaires sono organizzati in centri di competenza sotto la supervisione di uno o pi\u00f9 notai. I nostri team lavorano inoltre in sinergia con esperti riconosciuti (avvocati, banchieri, family office, commercialisti) al fine di elaborare&hellip;<\/p>\n","protected":false},"author":1,"featured_media":0,"parent":0,"menu_order":0,"comment_status":"closed","ping_status":"closed","template":"elementor_header_footer","meta":{"footnotes":""},"class_list":["post-19252","page","type-page","status-publish","hentry"],"_links":{"self":[{"href":"https:\/\/palaisroyal.notaires.fr\/it\/wp-json\/wp\/v2\/pages\/19252","targetHints":{"allow":["GET"]}}],"collection":[{"href":"https:\/\/palaisroyal.notaires.fr\/it\/wp-json\/wp\/v2\/pages"}],"about":[{"href":"https:\/\/palaisroyal.notaires.fr\/it\/wp-json\/wp\/v2\/types\/page"}],"author":[{"embeddable":true,"href":"https:\/\/palaisroyal.notaires.fr\/it\/wp-json\/wp\/v2\/users\/1"}],"replies":[{"embeddable":true,"href":"https:\/\/palaisroyal.notaires.fr\/it\/wp-json\/wp\/v2\/comments?post=19252"}],"version-history":[{"count":5,"href":"https:\/\/palaisroyal.notaires.fr\/it\/wp-json\/wp\/v2\/pages\/19252\/revisions"}],"predecessor-version":[{"id":19693,"href":"https:\/\/palaisroyal.notaires.fr\/it\/wp-json\/wp\/v2\/pages\/19252\/revisions\/19693"}],"wp:attachment":[{"href":"https:\/\/palaisroyal.notaires.fr\/it\/wp-json\/wp\/v2\/media?parent=19252"}],"curies":[{"name":"wp","href":"https:\/\/api.w.org\/{rel}","templated":true}]}}