{"id":19225,"date":"2025-07-09T14:40:18","date_gmt":"2025-07-09T12:40:18","guid":{"rendered":"https:\/\/palaisroyal-zsmu.tempurl.host\/it\/?page_id=19225"},"modified":"2025-09-23T15:00:31","modified_gmt":"2025-09-23T13:00:31","slug":"i-nostri-valori","status":"publish","type":"page","link":"https:\/\/palaisroyal.notaires.fr\/it\/i-nostri-valori\/","title":{"rendered":"I nostri valori"},"content":{"rendered":"\t\t<div data-elementor-type=\"wp-page\" data-elementor-id=\"19225\" class=\"elementor elementor-19225\" data-elementor-post-type=\"page\">\n\t\t\t\t<div data-particle_enable=\"false\" data-particle-mobile-disabled=\"false\" class=\"elementor-element elementor-element-bd11c8d e-flex e-con-boxed e-con e-parent\" data-id=\"bd11c8d\" data-element_type=\"container\" data-e-type=\"container\" data-settings=\"{&quot;background_background&quot;:&quot;classic&quot;}\">\n\t\t\t\t\t<div class=\"e-con-inner\">\n\t\t\t\t\t<\/div>\n\t\t\t\t<\/div>\n\t\t<div data-particle_enable=\"false\" data-particle-mobile-disabled=\"false\" class=\"elementor-element elementor-element-5c0e691 e-flex e-con-boxed e-con e-parent\" data-id=\"5c0e691\" data-element_type=\"container\" data-e-type=\"container\">\n\t\t\t\t\t<div class=\"e-con-inner\">\n\t\t\t\t<div class=\"elementor-element elementor-element-ce0d432 elementor-widget elementor-widget-heading\" data-id=\"ce0d432\" data-element_type=\"widget\" data-e-type=\"widget\" data-widget_type=\"heading.default\">\n\t\t\t\t<div class=\"elementor-widget-container\">\n\t\t\t\t\t<h1 class=\"elementor-heading-title elementor-size-default\">I NOSTRI VALORI<\/h1>\t\t\t\t<\/div>\n\t\t\t\t<\/div>\n\t\t\t\t<div class=\"elementor-element elementor-element-72ab4f4 elementor-widget elementor-widget-text-editor\" data-id=\"72ab4f4\" data-element_type=\"widget\" data-e-type=\"widget\" data-widget_type=\"text-editor.default\">\n\t\t\t\t<div class=\"elementor-widget-container\">\n\t\t\t\t\t\t\t\t\t<p><b>Lo studio Palais-Royal Notaires nasce dall&#8217;unione di due storici studi notarili parigini. Sin dalla loro fondazione, numerosi notai si sono succeduti e hanno consolidato valori forti ai quali lo studio rimane fedele:<\/b><\/p><p>\u00a0<\/p><hr \/><p><strong><br \/><\/strong><strong>\u2022\u00a0<\/strong><b>Disponibilit\u00e0 e reattivit\u00e0<\/b>: un servizio di qualit\u00e0 implica reattivit\u00e0 e risposta al cliente nel pi\u00f9 breve tempo possibile.<\/p><p><strong>\u2022\u00a0<\/strong><b>Qualit\u00e0<\/b>: ci assicuriamo che i membri del nostro team dispongano di competenze aggiornate e delle banche dati pi\u00f9 efficienti al fine di garantire la qualit\u00e0 della nostra consulenza, la sua pertinenza e la sicurezza giuridica degli atti.<\/p><p><strong>\u2022\u00a0<\/strong><b>Probit\u00e0<\/b>: il notaio \u00e8 un pubblico ufficiale soggetto a obblighi deontologici ai quali siamo particolarmente legati. Abbiamo un obbligo di lealt\u00e0 e integrit\u00e0 sia nei confronti dei nostri clienti che dei contraenti, garanzia della qualit\u00e0 della nostra professione.<\/p>\t\t\t\t\t\t\t\t<\/div>\n\t\t\t\t<\/div>\n\t\t\t\t\t<\/div>\n\t\t\t\t<\/div>\n\t\t\t\t<\/div>\n\t\t","protected":false},"excerpt":{"rendered":"<p>I NOSTRI VALORI Lo studio Palais-Royal Notaires nasce dall&#8217;unione di due storici studi notarili parigini. Sin dalla loro fondazione, numerosi notai si sono succeduti e hanno consolidato valori forti ai quali lo studio rimane fedele: \u00a0 \u2022\u00a0Disponibilit\u00e0 e reattivit\u00e0: un servizio di qualit\u00e0 implica reattivit\u00e0 e risposta al cliente nel pi\u00f9 breve tempo possibile. \u2022\u00a0Qualit\u00e0:&hellip;<\/p>\n","protected":false},"author":1,"featured_media":0,"parent":0,"menu_order":0,"comment_status":"closed","ping_status":"closed","template":"elementor_header_footer","meta":{"footnotes":""},"class_list":["post-19225","page","type-page","status-publish","hentry"],"_links":{"self":[{"href":"https:\/\/palaisroyal.notaires.fr\/it\/wp-json\/wp\/v2\/pages\/19225","targetHints":{"allow":["GET"]}}],"collection":[{"href":"https:\/\/palaisroyal.notaires.fr\/it\/wp-json\/wp\/v2\/pages"}],"about":[{"href":"https:\/\/palaisroyal.notaires.fr\/it\/wp-json\/wp\/v2\/types\/page"}],"author":[{"embeddable":true,"href":"https:\/\/palaisroyal.notaires.fr\/it\/wp-json\/wp\/v2\/users\/1"}],"replies":[{"embeddable":true,"href":"https:\/\/palaisroyal.notaires.fr\/it\/wp-json\/wp\/v2\/comments?post=19225"}],"version-history":[{"count":5,"href":"https:\/\/palaisroyal.notaires.fr\/it\/wp-json\/wp\/v2\/pages\/19225\/revisions"}],"predecessor-version":[{"id":19612,"href":"https:\/\/palaisroyal.notaires.fr\/it\/wp-json\/wp\/v2\/pages\/19225\/revisions\/19612"}],"wp:attachment":[{"href":"https:\/\/palaisroyal.notaires.fr\/it\/wp-json\/wp\/v2\/media?parent=19225"}],"curies":[{"name":"wp","href":"https:\/\/api.w.org\/{rel}","templated":true}]}}