{"id":19187,"date":"2025-07-09T13:49:45","date_gmt":"2025-07-09T11:49:45","guid":{"rendered":"https:\/\/palaisroyal-zsmu.tempurl.host\/it\/?page_id=19187"},"modified":"2025-09-23T14:55:39","modified_gmt":"2025-09-23T12:55:39","slug":"elodie-roulleau","status":"publish","type":"page","link":"https:\/\/palaisroyal.notaires.fr\/it\/notai\/elodie-roulleau\/","title":{"rendered":"Elodie Roulleau"},"content":{"rendered":"\t\t<div data-elementor-type=\"wp-page\" data-elementor-id=\"19187\" class=\"elementor elementor-19187\" data-elementor-post-type=\"page\">\n\t\t\t\t<div data-particle_enable=\"false\" data-particle-mobile-disabled=\"false\" class=\"elementor-element elementor-element-1170d03 e-flex e-con-boxed e-con e-parent\" data-id=\"1170d03\" data-element_type=\"container\" data-e-type=\"container\">\n\t\t\t\t\t<div class=\"e-con-inner\">\n\t\t<div data-particle_enable=\"false\" data-particle-mobile-disabled=\"false\" class=\"elementor-element elementor-element-cea62c6 e-con-full elementor-hidden-desktop elementor-hidden-tablet elementor-hidden-mobile e-flex e-con e-child\" data-id=\"cea62c6\" data-element_type=\"container\" data-e-type=\"container\">\n\t\t\t\t<div class=\"elementor-element elementor-element-b4a7b14 content-align-right content-align-mobile-center the7-hover-visibility-disabled transform-overlay-yes exceeding-frame-yes elementor-widget elementor-widget-the7-image-widget\" data-id=\"b4a7b14\" data-element_type=\"widget\" data-e-type=\"widget\" data-settings=\"{&quot;hover_visibility&quot;:&quot;disabled&quot;}\" data-widget_type=\"the7-image-widget.default\">\n\t\t\t\t<div class=\"elementor-widget-container\">\n\t\t\t\t\t<div class=\"the7-image-container\"><div class=\"the7-image-wrapper the7-elementor-widget the7-transform-container\"><div class=\"post-thumbnail-rollover img-css-resize-wrapper\"><img loading=\"lazy\" decoding=\"async\" width=\"283\" height=\"425\" src=\"https:\/\/palaisroyal.notaires.fr\/it\/wp-content\/uploads\/sites\/3\/2025\/07\/sophie.jpg\" class=\"attachment-full size-full preload-me aspect\" alt=\"\" srcset=\"https:\/\/palaisroyal.notaires.fr\/it\/wp-content\/uploads\/sites\/3\/2025\/07\/sophie.jpg 283w, https:\/\/palaisroyal.notaires.fr\/it\/wp-content\/uploads\/sites\/3\/2025\/07\/sophie-200x300.jpg 200w\" sizes=\"auto, (max-width: 283px) 100vw, 283px\" style=\"--ratio: 283 \/ 425;\" \/><\/div><\/div><\/div>\t\t\t\t<\/div>\n\t\t\t\t<\/div>\n\t\t\t\t<div class=\"elementor-element elementor-element-934b620 elementor-widget elementor-widget-text-editor\" data-id=\"934b620\" data-element_type=\"widget\" data-e-type=\"widget\" data-widget_type=\"text-editor.default\">\n\t\t\t\t<div class=\"elementor-widget-container\">\n\t\t\t\t\t\t\t\t\t<p>Contact<br \/><a href=\"mailto:sophievaleriani@etudepalaisroyal.fr\">sophievaleriani@etudepalaisroyal.fr<\/a><\/p>\t\t\t\t\t\t\t\t<\/div>\n\t\t\t\t<\/div>\n\t\t\t\t<\/div>\n\t\t<div data-particle_enable=\"false\" data-particle-mobile-disabled=\"false\" class=\"elementor-element elementor-element-b608db0 e-con-full e-flex e-con e-child\" data-id=\"b608db0\" data-element_type=\"container\" data-e-type=\"container\">\n\t\t\t\t<div class=\"elementor-element elementor-element-b2e7134 elementor-widget elementor-widget-heading\" data-id=\"b2e7134\" data-element_type=\"widget\" data-e-type=\"widget\" data-widget_type=\"heading.default\">\n\t\t\t\t<div class=\"elementor-widget-container\">\n\t\t\t\t\t<h1 class=\"elementor-heading-title elementor-size-default\">Elodie Roulleau<\/h1>\t\t\t\t<\/div>\n\t\t\t\t<\/div>\n\t\t\t\t<div class=\"elementor-element elementor-element-e375b67 elementor-widget elementor-widget-heading\" data-id=\"e375b67\" data-element_type=\"widget\" data-e-type=\"widget\" data-widget_type=\"heading.default\">\n\t\t\t\t<div class=\"elementor-widget-container\">\n\t\t\t\t\t<h1 class=\"elementor-heading-title elementor-size-default\">notaio<\/h1>\t\t\t\t<\/div>\n\t\t\t\t<\/div>\n\t\t\t\t<div class=\"elementor-element elementor-element-c95cd04 elementor-hidden-desktop elementor-hidden-tablet elementor-hidden-mobile elementor-widget elementor-widget-text-editor\" data-id=\"c95cd04\" data-element_type=\"widget\" data-e-type=\"widget\" data-widget_type=\"text-editor.default\">\n\t\t\t\t<div class=\"elementor-widget-container\">\n\t\t\t\t\t\t\t\t\t<p><strong>Sophie VALERIANI a \u00e9t\u00e9 nomm\u00e9e notaire en 2015.<\/strong><\/p><p>Elle est sp\u00e9cialis\u00e9e en droit immobilier et se consacre principalement aux besoins d\u2019une client\u00e8le institutionnelle pour des acteurs fran\u00e7ais et \u00e9trangers. Elle accompagne ses clients dans leur projets d\u2019investissement et de red\u00e9ploiement sur l\u2019ensemble de leurs actifs, et principalement dans le secteur tertiaire et commercial.<\/p>\t\t\t\t\t\t\t\t<\/div>\n\t\t\t\t<\/div>\n\t\t\t\t<\/div>\n\t\t\t\t\t<\/div>\n\t\t\t\t<\/div>\n\t\t\t\t<\/div>\n\t\t","protected":false},"excerpt":{"rendered":"<p>Contactsophievaleriani@etudepalaisroyal.fr Elodie Roulleau notaio Sophie VALERIANI a \u00e9t\u00e9 nomm\u00e9e notaire en 2015. Elle est sp\u00e9cialis\u00e9e en droit immobilier et se consacre principalement aux besoins d\u2019une client\u00e8le institutionnelle pour des acteurs fran\u00e7ais et \u00e9trangers. Elle accompagne ses clients dans leur projets d\u2019investissement et de red\u00e9ploiement sur l\u2019ensemble de leurs actifs, et principalement dans le secteur tertiaire&hellip;<\/p>\n","protected":false},"author":1,"featured_media":0,"parent":19036,"menu_order":0,"comment_status":"closed","ping_status":"closed","template":"elementor_header_footer","meta":{"footnotes":""},"class_list":["post-19187","page","type-page","status-publish","hentry"],"_links":{"self":[{"href":"https:\/\/palaisroyal.notaires.fr\/it\/wp-json\/wp\/v2\/pages\/19187","targetHints":{"allow":["GET"]}}],"collection":[{"href":"https:\/\/palaisroyal.notaires.fr\/it\/wp-json\/wp\/v2\/pages"}],"about":[{"href":"https:\/\/palaisroyal.notaires.fr\/it\/wp-json\/wp\/v2\/types\/page"}],"author":[{"embeddable":true,"href":"https:\/\/palaisroyal.notaires.fr\/it\/wp-json\/wp\/v2\/users\/1"}],"replies":[{"embeddable":true,"href":"https:\/\/palaisroyal.notaires.fr\/it\/wp-json\/wp\/v2\/comments?post=19187"}],"version-history":[{"count":5,"href":"https:\/\/palaisroyal.notaires.fr\/it\/wp-json\/wp\/v2\/pages\/19187\/revisions"}],"predecessor-version":[{"id":19602,"href":"https:\/\/palaisroyal.notaires.fr\/it\/wp-json\/wp\/v2\/pages\/19187\/revisions\/19602"}],"up":[{"embeddable":true,"href":"https:\/\/palaisroyal.notaires.fr\/it\/wp-json\/wp\/v2\/pages\/19036"}],"wp:attachment":[{"href":"https:\/\/palaisroyal.notaires.fr\/it\/wp-json\/wp\/v2\/media?parent=19187"}],"curies":[{"name":"wp","href":"https:\/\/api.w.org\/{rel}","templated":true}]}}