{"id":19153,"date":"2025-07-09T13:13:30","date_gmt":"2025-07-09T11:13:30","guid":{"rendered":"https:\/\/palaisroyal-zsmu.tempurl.host\/it\/?page_id=19153"},"modified":"2026-04-30T08:53:40","modified_gmt":"2026-04-30T06:53:40","slug":"cedric-blanchet","status":"publish","type":"page","link":"https:\/\/palaisroyal.notaires.fr\/it\/notai\/cedric-blanchet\/","title":{"rendered":"C\u00e9dric Blanchet"},"content":{"rendered":"\t\t<div data-elementor-type=\"wp-page\" data-elementor-id=\"19153\" class=\"elementor elementor-19153\" data-elementor-post-type=\"page\">\n\t\t\t\t<div data-particle_enable=\"false\" data-particle-mobile-disabled=\"false\" class=\"elementor-element elementor-element-1170d03 e-flex e-con-boxed e-con e-parent\" data-id=\"1170d03\" data-element_type=\"container\" data-e-type=\"container\">\n\t\t\t\t\t<div class=\"e-con-inner\">\n\t\t<div data-particle_enable=\"false\" data-particle-mobile-disabled=\"false\" class=\"elementor-element elementor-element-cea62c6 e-con-full e-flex e-con e-child\" data-id=\"cea62c6\" data-element_type=\"container\" data-e-type=\"container\">\n\t\t\t\t<div class=\"elementor-element elementor-element-b4a7b14 content-align-right content-align-mobile-center the7-hover-visibility-disabled transform-overlay-yes exceeding-frame-yes elementor-widget elementor-widget-the7-image-widget\" data-id=\"b4a7b14\" data-element_type=\"widget\" data-e-type=\"widget\" data-settings=\"{&quot;hover_visibility&quot;:&quot;disabled&quot;}\" data-widget_type=\"the7-image-widget.default\">\n\t\t\t\t<div class=\"elementor-widget-container\">\n\t\t\t\t\t<div class=\"the7-image-container\"><div class=\"the7-image-wrapper the7-elementor-widget the7-transform-container\"><div class=\"post-thumbnail-rollover img-css-resize-wrapper\"><img loading=\"lazy\" decoding=\"async\" width=\"283\" height=\"425\" src=\"https:\/\/palaisroyal.notaires.fr\/it\/wp-content\/uploads\/sites\/3\/2025\/07\/cedric-2.jpg\" class=\"attachment-full size-full preload-me aspect\" alt=\"\" srcset=\"https:\/\/palaisroyal.notaires.fr\/it\/wp-content\/uploads\/sites\/3\/2025\/07\/cedric-2.jpg 283w, https:\/\/palaisroyal.notaires.fr\/it\/wp-content\/uploads\/sites\/3\/2025\/07\/cedric-2-200x300.jpg 200w\" sizes=\"auto, (max-width: 283px) 100vw, 283px\" style=\"--ratio: 283 \/ 425;\" \/><\/div><\/div><\/div>\t\t\t\t<\/div>\n\t\t\t\t<\/div>\n\t\t\t\t<div class=\"elementor-element elementor-element-934b620 elementor-widget elementor-widget-text-editor\" data-id=\"934b620\" data-element_type=\"widget\" data-e-type=\"widget\" data-widget_type=\"text-editor.default\">\n\t\t\t\t<div class=\"elementor-widget-container\">\n\t\t\t\t\t\t\t\t\t<p>Contatti<br \/><a href=\"mailto:cedric.blanchet@palaisroyal.notaires.fr\">cedric.blanchet@palaisroyal.notaires.fr<\/a><\/p>\t\t\t\t\t\t\t\t<\/div>\n\t\t\t\t<\/div>\n\t\t\t\t<\/div>\n\t\t<div data-particle_enable=\"false\" data-particle-mobile-disabled=\"false\" class=\"elementor-element elementor-element-b608db0 e-con-full e-flex e-con e-child\" data-id=\"b608db0\" data-element_type=\"container\" data-e-type=\"container\">\n\t\t\t\t<div class=\"elementor-element elementor-element-b2e7134 elementor-widget elementor-widget-heading\" data-id=\"b2e7134\" data-element_type=\"widget\" data-e-type=\"widget\" data-widget_type=\"heading.default\">\n\t\t\t\t<div class=\"elementor-widget-container\">\n\t\t\t\t\t<h1 class=\"elementor-heading-title elementor-size-default\">C\u00e9dric Blanchet<\/h1>\t\t\t\t<\/div>\n\t\t\t\t<\/div>\n\t\t\t\t<div class=\"elementor-element elementor-element-e375b67 elementor-widget elementor-widget-heading\" data-id=\"e375b67\" data-element_type=\"widget\" data-e-type=\"widget\" data-widget_type=\"heading.default\">\n\t\t\t\t<div class=\"elementor-widget-container\">\n\t\t\t\t\t<h1 class=\"elementor-heading-title elementor-size-default\">NOTARIO ASSOCIATO, EX PRESIDENTE DELLA CAMERA DEI NOTAI DI PARIGI<\/h1>\t\t\t\t<\/div>\n\t\t\t\t<\/div>\n\t\t\t\t<div class=\"elementor-element elementor-element-c95cd04 elementor-widget elementor-widget-text-editor\" data-id=\"c95cd04\" data-element_type=\"widget\" data-e-type=\"widget\" data-widget_type=\"text-editor.default\">\n\t\t\t\t<div class=\"elementor-widget-container\">\n\t\t\t\t\t\t\t\t\t<p><strong>C\u00e9dric BLANCHET \u00e8 notaio associato dal 1997, specializzato in diritto immobiliare, in particolare per professionisti e aziende.<\/strong><\/p><p>Assiste privati, ma soprattutto professionisti del settore immobiliare e industriali nella gestione di questioni immobiliari.<\/p><p>Dopo aver insegnato, si \u00e8 sempre impegnato in missioni presso le istituzioni notarili.<\/p><p>Ha ricoperto successivamente la carica di Primo Sindaco della Camera dei Notai di Parigi (2012-2015), responsabile delle questioni disciplinari e deontologiche, e poi di Presidente del CRIDON di Parigi (Centro di Ricerca, Informazione e Documentazione Notarile) dal 2015 al 2018.<\/p><p>Dopo essere stato Primo Vicepresidente della Camera dei Notai di Parigi (dal 2018 al 2020), ne \u00e8 stato Presidente dal 2020 al 2022.<\/p><p>Si \u00e8 laureato all&#8217;Universit\u00e0 di Parigi II Panth\u00e9on-Assas (DESS in Diritto notarile) e ha ottenuto il diploma di notaio nel 1996.<\/p>\t\t\t\t\t\t\t\t<\/div>\n\t\t\t\t<\/div>\n\t\t\t\t<\/div>\n\t\t\t\t\t<\/div>\n\t\t\t\t<\/div>\n\t\t\t\t<\/div>\n\t\t","protected":false},"excerpt":{"rendered":"<p>Contatticedric.blanchet@palaisroyal.notaires.fr C\u00e9dric Blanchet NOTARIO ASSOCIATO, EX PRESIDENTE DELLA CAMERA DEI NOTAI DI PARIGI C\u00e9dric BLANCHET \u00e8 notaio associato dal 1997, specializzato in diritto immobiliare, in particolare per professionisti e aziende. Assiste privati, ma soprattutto professionisti del settore immobiliare e industriali nella gestione di questioni immobiliari. Dopo aver insegnato, si \u00e8 sempre impegnato in missioni presso&hellip;<\/p>\n","protected":false},"author":1,"featured_media":0,"parent":19036,"menu_order":0,"comment_status":"closed","ping_status":"closed","template":"elementor_header_footer","meta":{"footnotes":""},"class_list":["post-19153","page","type-page","status-publish","hentry"],"_links":{"self":[{"href":"https:\/\/palaisroyal.notaires.fr\/it\/wp-json\/wp\/v2\/pages\/19153","targetHints":{"allow":["GET"]}}],"collection":[{"href":"https:\/\/palaisroyal.notaires.fr\/it\/wp-json\/wp\/v2\/pages"}],"about":[{"href":"https:\/\/palaisroyal.notaires.fr\/it\/wp-json\/wp\/v2\/types\/page"}],"author":[{"embeddable":true,"href":"https:\/\/palaisroyal.notaires.fr\/it\/wp-json\/wp\/v2\/users\/1"}],"replies":[{"embeddable":true,"href":"https:\/\/palaisroyal.notaires.fr\/it\/wp-json\/wp\/v2\/comments?post=19153"}],"version-history":[{"count":5,"href":"https:\/\/palaisroyal.notaires.fr\/it\/wp-json\/wp\/v2\/pages\/19153\/revisions"}],"predecessor-version":[{"id":19711,"href":"https:\/\/palaisroyal.notaires.fr\/it\/wp-json\/wp\/v2\/pages\/19153\/revisions\/19711"}],"up":[{"embeddable":true,"href":"https:\/\/palaisroyal.notaires.fr\/it\/wp-json\/wp\/v2\/pages\/19036"}],"wp:attachment":[{"href":"https:\/\/palaisroyal.notaires.fr\/it\/wp-json\/wp\/v2\/media?parent=19153"}],"curies":[{"name":"wp","href":"https:\/\/api.w.org\/{rel}","templated":true}]}}