{"id":19306,"date":"2025-07-10T11:21:01","date_gmt":"2025-07-10T09:21:01","guid":{"rendered":"https:\/\/palaisroyal-zsmu.tempurl.host\/en\/?page_id=19306"},"modified":"2025-07-16T11:02:27","modified_gmt":"2025-07-16T09:02:27","slug":"companies-and-managers","status":"publish","type":"page","link":"https:\/\/palaisroyal.notaires.fr\/en\/expertises\/companies-and-managers\/","title":{"rendered":"Companies and managers"},"content":{"rendered":"\t\t<div data-elementor-type=\"wp-page\" data-elementor-id=\"19306\" class=\"elementor elementor-19306\" data-elementor-post-type=\"page\">\n\t\t\t\t<div data-particle_enable=\"false\" data-particle-mobile-disabled=\"false\" class=\"elementor-element elementor-element-bd11c8d e-flex e-con-boxed e-con e-parent\" data-id=\"bd11c8d\" data-element_type=\"container\" data-e-type=\"container\" data-settings=\"{&quot;background_background&quot;:&quot;classic&quot;}\">\n\t\t\t\t\t<div class=\"e-con-inner\">\n\t\t\t\t\t<\/div>\n\t\t\t\t<\/div>\n\t\t<div data-particle_enable=\"false\" data-particle-mobile-disabled=\"false\" class=\"elementor-element elementor-element-6a19a78 e-flex e-con-boxed e-con e-parent\" data-id=\"6a19a78\" data-element_type=\"container\" data-e-type=\"container\">\n\t\t\t\t\t<div class=\"e-con-inner\">\n\t\t<div data-particle_enable=\"false\" data-particle-mobile-disabled=\"false\" class=\"elementor-element elementor-element-01bc047 e-con-full e-flex e-con e-child\" data-id=\"01bc047\" data-element_type=\"container\" data-e-type=\"container\">\n\t\t\t\t<div class=\"elementor-element elementor-element-13c1c6a dt-sub-menu_align-left elementor-widget elementor-widget-the7_nav-menu\" data-id=\"13c1c6a\" data-element_type=\"widget\" data-e-type=\"widget\" data-settings=\"{&quot;submenu_display&quot;:&quot;always&quot;}\" data-widget_type=\"the7_nav-menu.default\">\n\t\t\t\t<div class=\"elementor-widget-container\">\n\t\t\t\t\t<nav class=\"dt-nav-menu--main dt-nav-menu__container dt-sub-menu-display-always dt-icon-align- dt-icon-position- dt-sub-icon-position- dt-sub-icon-align-\"><ul class=\"dt-nav-menu\"><li class=\"menu-item menu-item-type-post_type menu-item-object-page menu-item-19323 first depth-0\"><a href='https:\/\/palaisroyal.notaires.fr\/en\/expertises\/real-estate-law\/' data-level='1'><span class=\"item-content\"><span class=\"menu-item-text\"><span class=\"menu-text\">Real estate law<\/span><\/span><\/span><span class=\"\" data-icon = \"\"> <\/span><\/a><\/li> <li class=\"menu-item menu-item-type-post_type menu-item-object-page menu-item-19322 depth-0\"><a href='https:\/\/palaisroyal.notaires.fr\/en\/expertises\/companies-and-managers\/' data-level='1'><span class=\"item-content\"><span class=\"menu-item-text\"><span class=\"menu-text\">Companies and managers<\/span><\/span><\/span><span class=\"\" data-icon = \"\"> <\/span><\/a><\/li> <li class=\"menu-item menu-item-type-post_type menu-item-object-page menu-item-19321 depth-0\"><a href='https:\/\/palaisroyal.notaires.fr\/en\/expertises\/family-law\/' data-level='1'><span class=\"item-content\"><span class=\"menu-item-text\"><span class=\"menu-text\">Family law<\/span><\/span><\/span><span class=\"\" data-icon = \"\"> <\/span><\/a><\/li> <li class=\"menu-item menu-item-type-post_type menu-item-object-page menu-item-19320 depth-0\"><a href='https:\/\/palaisroyal.notaires.fr\/en\/expertises\/international-law\/' data-level='1'><span class=\"item-content\"><span class=\"menu-item-text\"><span class=\"menu-text\">International law<\/span><\/span><\/span><span class=\"\" data-icon = \"\"> <\/span><\/a><\/li> <li class=\"menu-item menu-item-type-post_type menu-item-object-page menu-item-19319 depth-0\"><a href='https:\/\/palaisroyal.notaires.fr\/en\/expertises\/certification-and-legalisation\/' data-level='1'><span class=\"item-content\"><span class=\"menu-item-text\"><span class=\"menu-text\">Certification and legalisation<\/span><\/span><\/span><span class=\"\" data-icon = \"\"> <\/span><\/a><\/li> <li class=\"menu-item menu-item-type-post_type menu-item-object-page menu-item-19707 last depth-0\"><a href='https:\/\/palaisroyal.notaires.fr\/en\/expertises\/negotiation\/' data-level='1'><span class=\"item-content\"><span class=\"menu-item-text\"><span class=\"menu-text\">Negotiation<\/span><\/span><\/span><span class=\"\" data-icon = \"\"> <\/span><\/a><\/li> <\/ul><\/nav>\t\t\t\t<\/div>\n\t\t\t\t<\/div>\n\t\t\t\t<\/div>\n\t\t<div data-particle_enable=\"false\" data-particle-mobile-disabled=\"false\" class=\"elementor-element elementor-element-27fbcbc e-con-full e-flex e-con e-child\" data-id=\"27fbcbc\" data-element_type=\"container\" data-e-type=\"container\">\n\t\t\t\t<div class=\"elementor-element elementor-element-7dc91f2 content-align-left the7-hover-visibility-disabled transform-overlay-yes exceeding-frame-yes elementor-widget elementor-widget-the7-image-widget\" data-id=\"7dc91f2\" data-element_type=\"widget\" data-e-type=\"widget\" data-settings=\"{&quot;hover_visibility&quot;:&quot;disabled&quot;}\" data-widget_type=\"the7-image-widget.default\">\n\t\t\t\t<div class=\"elementor-widget-container\">\n\t\t\t\t\t<div class=\"the7-image-container\"><div class=\"the7-image-wrapper the7-elementor-widget the7-transform-container\"><div class=\"post-thumbnail-rollover img-css-resize-wrapper\"><img loading=\"lazy\" decoding=\"async\" width=\"160\" height=\"162\" src=\"https:\/\/palaisroyal.notaires.fr\/en\/wp-content\/uploads\/sites\/2\/2025\/07\/picto2.png\" class=\"attachment-full size-full preload-me aspect\" alt=\"\" style=\"--ratio: 160 \/ 162;\" \/><\/div><\/div><\/div>\t\t\t\t<\/div>\n\t\t\t\t<\/div>\n\t\t\t\t<div class=\"elementor-element elementor-element-250aaed elementor-widget-divider--view-line elementor-widget elementor-widget-divider\" data-id=\"250aaed\" data-element_type=\"widget\" data-e-type=\"widget\" data-widget_type=\"divider.default\">\n\t\t\t\t<div class=\"elementor-widget-container\">\n\t\t\t\t\t\t\t<div class=\"elementor-divider\">\n\t\t\t<span class=\"elementor-divider-separator\">\n\t\t\t\t\t\t<\/span>\n\t\t<\/div>\n\t\t\t\t\t\t<\/div>\n\t\t\t\t<\/div>\n\t\t\t\t<div class=\"elementor-element elementor-element-6e3cbf4 elementor-widget elementor-widget-heading\" data-id=\"6e3cbf4\" data-element_type=\"widget\" data-e-type=\"widget\" data-widget_type=\"heading.default\">\n\t\t\t\t<div class=\"elementor-widget-container\">\n\t\t\t\t\t<h1 class=\"elementor-heading-title elementor-size-default\">COMPANIES AND MANAGERS<\/h1>\t\t\t\t<\/div>\n\t\t\t\t<\/div>\n\t\t\t\t<div class=\"elementor-element elementor-element-f9dbd61 elementor-widget elementor-widget-text-editor\" data-id=\"f9dbd61\" data-element_type=\"widget\" data-e-type=\"widget\" data-widget_type=\"text-editor.default\">\n\t\t\t\t<div class=\"elementor-widget-container\">\n\t\t\t\t\t\t\t\t\t<h4><span style=\"color: #bca184;\">OUR BUSINESS SECTION ASSISTS COMPANY MANAGERS IN THE LEGAL AND TAX OPTIMISATION OF THEIR REAL ESTATE ASSETS.<\/span><\/h4><p>The Business sections advises clients in the following areas.<\/p><p><strong>Professional real estate<\/strong> :<\/p><p>\u2013 structuring of the acquisition (registration on the balance sheet of the operating company, establishment of a \u201cSoci\u00e9t\u00e9 Civile Immobili\u00e8re\u201d \u2013 property partnership incorporated under civil law \u2013 to hold the assets, etc.)<\/p><p>\u2013 the terms of acquisition (subdivision of proprietary rights, commercial leases, building leases, etc.)<\/p><p><strong>Capital transactions and restructurings<\/strong><\/p><p><strong>Establishment of a company<\/strong> :<\/p><p>\u2013 choice of the appropriate type, legal follow-up of the company\u2019s life<\/p><p>\u00a0<\/p><h4><span style=\"color: #bca184;\">OUR BUSINESS UNIT ASSISTS MANAGERS IN ALL THE LEGAL ASPECTS OF THEIR PROFESSIONAL LIFE IN THE CONTEXT OF THE OWNERSHIP, TRANSFER OR SALE OF THEIR WORK TOOL.<\/span><\/h4><p>Our concern is to reconcile as much as possible the interests of the manager, his company and his family. We work in the following areas in particular:<\/p><p><strong>Pacte Dutreil<\/strong> :<\/p><p>\u2013 Implementation of pacts, follow-up during the holding of the title<\/p><p><strong>Protection of the unavailability of the manager<\/strong>:<\/p><p>\u2013 sale, future protection mandate, posthumous mandate, drafting of wills<\/p>\t\t\t\t\t\t\t\t<\/div>\n\t\t\t\t<\/div>\n\t\t\t\t<\/div>\n\t\t\t\t\t<\/div>\n\t\t\t\t<\/div>\n\t\t\t\t<\/div>\n\t\t","protected":false},"excerpt":{"rendered":"<p>COMPANIES AND MANAGERS OUR BUSINESS SECTION ASSISTS COMPANY MANAGERS IN THE LEGAL AND TAX OPTIMISATION OF THEIR REAL ESTATE ASSETS. The Business sections advises clients in the following areas. Professional real estate : \u2013 structuring of the acquisition (registration on the balance sheet of the operating company, establishment of a \u201cSoci\u00e9t\u00e9 Civile Immobili\u00e8re\u201d \u2013 property&hellip;<\/p>\n","protected":false},"author":1,"featured_media":0,"parent":19252,"menu_order":0,"comment_status":"closed","ping_status":"closed","template":"elementor_header_footer","meta":{"footnotes":""},"class_list":["post-19306","page","type-page","status-publish","hentry"],"_links":{"self":[{"href":"https:\/\/palaisroyal.notaires.fr\/en\/wp-json\/wp\/v2\/pages\/19306","targetHints":{"allow":["GET"]}}],"collection":[{"href":"https:\/\/palaisroyal.notaires.fr\/en\/wp-json\/wp\/v2\/pages"}],"about":[{"href":"https:\/\/palaisroyal.notaires.fr\/en\/wp-json\/wp\/v2\/types\/page"}],"author":[{"embeddable":true,"href":"https:\/\/palaisroyal.notaires.fr\/en\/wp-json\/wp\/v2\/users\/1"}],"replies":[{"embeddable":true,"href":"https:\/\/palaisroyal.notaires.fr\/en\/wp-json\/wp\/v2\/comments?post=19306"}],"version-history":[{"count":5,"href":"https:\/\/palaisroyal.notaires.fr\/en\/wp-json\/wp\/v2\/pages\/19306\/revisions"}],"predecessor-version":[{"id":19555,"href":"https:\/\/palaisroyal.notaires.fr\/en\/wp-json\/wp\/v2\/pages\/19306\/revisions\/19555"}],"up":[{"embeddable":true,"href":"https:\/\/palaisroyal.notaires.fr\/en\/wp-json\/wp\/v2\/pages\/19252"}],"wp:attachment":[{"href":"https:\/\/palaisroyal.notaires.fr\/en\/wp-json\/wp\/v2\/media?parent=19306"}],"curies":[{"name":"wp","href":"https:\/\/api.w.org\/{rel}","templated":true}]}}